
{"id":6715,"date":"2023-09-19T12:02:45","date_gmt":"2023-09-19T10:02:45","guid":{"rendered":"https:\/\/funny-clarke.46-105-154-110.plesk.page\/pessoas-e-carreiras\/oportunidades-de-emprego\/"},"modified":"2025-03-13T09:25:32","modified_gmt":"2025-03-13T08:25:32","slug":"oportunidades-de-emprego","status":"publish","type":"page","link":"https:\/\/funny-clarke.46-105-154-110.plesk.page\/pt-pt\/pessoas-e-carreiras\/oportunidades-de-emprego\/","title":{"rendered":"Oportunidades de emprego"},"content":{"rendered":"[vc_row type=&#8221;full_width_background&#8221; full_screen_row_position=&#8221;middle&#8221; column_margin=&#8221;default&#8221; column_direction=&#8221;default&#8221; column_direction_tablet=&#8221;default&#8221; column_direction_phone=&#8221;default&#8221; bg_image=&#8221;728&#8243; bg_position=&#8221;left top&#8221; background_image_loading=&#8221;default&#8221; bg_repeat=&#8221;no-repeat&#8221; scene_position=&#8221;center&#8221; text_color=&#8221;dark&#8221; text_align=&#8221;left&#8221; row_border_radius=&#8221;none&#8221; row_border_radius_applies=&#8221;bg&#8221; overflow=&#8221;visible&#8221; class=&#8221;pec&#8221; id=&#8221;section_hero_categoria_primo&#8221; overlay_strength=&#8221;0.3&#8243; gradient_direction=&#8221;left_to_right&#8221; shape_divider_position=&#8221;bottom&#8221; bg_image_animation=&#8221;none&#8221; gradient_type=&#8221;default&#8221; shape_type=&#8221;&#8221;][vc_column column_padding=&#8221;no-extra-padding&#8221; column_padding_tablet=&#8221;inherit&#8221; column_padding_phone=&#8221;inherit&#8221; column_padding_position=&#8221;all&#8221; column_element_direction_desktop=&#8221;default&#8221; column_element_spacing=&#8221;default&#8221; desktop_text_alignment=&#8221;default&#8221; tablet_text_alignment=&#8221;default&#8221; phone_text_alignment=&#8221;default&#8221; background_color_opacity=&#8221;1&#8243; background_hover_color_opacity=&#8221;1&#8243; column_backdrop_filter=&#8221;none&#8221; column_shadow=&#8221;none&#8221; column_border_radius=&#8221;none&#8221; column_link_target=&#8221;_self&#8221; column_position=&#8221;default&#8221; gradient_direction=&#8221;left_to_right&#8221; overlay_strength=&#8221;0.3&#8243; width=&#8221;1\/1&#8243; tablet_width_inherit=&#8221;default&#8221; animation_type=&#8221;default&#8221; bg_image_animation=&#8221;none&#8221; border_type=&#8221;simple&#8221; column_border_width=&#8221;none&#8221; column_border_style=&#8221;solid&#8221;][vc_column_text css_animation=&#8221;fadeInUp&#8221;]\n<h1>Oportunidades de emprego<\/h1>\n[\/vc_column_text][\/vc_column][\/vc_row][vc_row type=&#8221;in_container&#8221; full_screen_row_position=&#8221;middle&#8221; column_margin=&#8221;default&#8221; equal_height=&#8221;yes&#8221; content_placement=&#8221;middle&#8221; column_direction=&#8221;default&#8221; column_direction_tablet=&#8221;default&#8221; column_direction_phone=&#8221;default&#8221; scene_position=&#8221;center&#8221; text_color=&#8221;dark&#8221; text_align=&#8221;left&#8221; row_border_radius=&#8221;none&#8221; row_border_radius_applies=&#8221;bg&#8221; overflow=&#8221;visible&#8221; id=&#8221;section_join&#8221; overlay_strength=&#8221;0.3&#8243; gradient_direction=&#8221;left_to_right&#8221; shape_divider_position=&#8221;bottom&#8221; bg_image_animation=&#8221;none&#8221; gradient_type=&#8221;default&#8221; shape_type=&#8221;&#8221;][vc_column column_padding=&#8221;no-extra-padding&#8221; column_padding_tablet=&#8221;inherit&#8221; column_padding_phone=&#8221;inherit&#8221; column_padding_position=&#8221;all&#8221; column_element_direction_desktop=&#8221;default&#8221; column_element_spacing=&#8221;default&#8221; desktop_text_alignment=&#8221;default&#8221; tablet_text_alignment=&#8221;default&#8221; phone_text_alignment=&#8221;default&#8221; background_color_opacity=&#8221;1&#8243; background_hover_color_opacity=&#8221;1&#8243; column_backdrop_filter=&#8221;none&#8221; column_shadow=&#8221;none&#8221; column_border_radius=&#8221;none&#8221; column_link_target=&#8221;_self&#8221; column_position=&#8221;default&#8221; gradient_direction=&#8221;left_to_right&#8221; overlay_strength=&#8221;0.3&#8243; width=&#8221;1\/3&#8243; tablet_width_inherit=&#8221;default&#8221; animation_type=&#8221;default&#8221; bg_image_animation=&#8221;none&#8221; border_type=&#8221;simple&#8221; column_border_width=&#8221;none&#8221; column_border_style=&#8221;solid&#8221;][vc_column_text css_animation=&#8221;fadeInUp&#8221;]\n<h2 class=\"big_h1\">Junte-se \u00e0 nossa equipe!<\/h2>\n[\/vc_column_text][\/vc_column][vc_column column_padding=&#8221;no-extra-padding&#8221; column_padding_tablet=&#8221;inherit&#8221; column_padding_phone=&#8221;inherit&#8221; column_padding_position=&#8221;all&#8221; column_element_direction_desktop=&#8221;default&#8221; column_element_spacing=&#8221;default&#8221; desktop_text_alignment=&#8221;default&#8221; tablet_text_alignment=&#8221;default&#8221; phone_text_alignment=&#8221;default&#8221; background_color_opacity=&#8221;1&#8243; background_hover_color_opacity=&#8221;1&#8243; column_backdrop_filter=&#8221;none&#8221; column_shadow=&#8221;none&#8221; column_border_radius=&#8221;none&#8221; column_link_target=&#8221;_self&#8221; column_position=&#8221;default&#8221; gradient_direction=&#8221;left_to_right&#8221; overlay_strength=&#8221;0.3&#8243; width=&#8221;2\/3&#8243; tablet_width_inherit=&#8221;default&#8221; animation_type=&#8221;default&#8221; bg_image_animation=&#8221;none&#8221; border_type=&#8221;simple&#8221; column_border_width=&#8221;none&#8221; column_border_style=&#8221;solid&#8221;][vc_column_text css_animation=&#8221;fadeInUp&#8221;]\n<h2>A Casale oferece um trabalho desafiador em um ambiente din\u00e2mico<\/h2>\n[\/vc_column_text][\/vc_column][\/vc_row][vc_row type=&#8221;in_container&#8221; full_screen_row_position=&#8221;middle&#8221; column_margin=&#8221;default&#8221; column_direction=&#8221;default&#8221; column_direction_tablet=&#8221;default&#8221; column_direction_phone=&#8221;default&#8221; scene_position=&#8221;center&#8221; text_color=&#8221;dark&#8221; text_align=&#8221;left&#8221; row_border_radius=&#8221;none&#8221; row_border_radius_applies=&#8221;bg&#8221; overflow=&#8221;visible&#8221; id=&#8221;section_filtri&#8221; overlay_strength=&#8221;0.3&#8243; gradient_direction=&#8221;left_to_right&#8221; shape_divider_position=&#8221;bottom&#8221; bg_image_animation=&#8221;none&#8221; gradient_type=&#8221;default&#8221; shape_type=&#8221;&#8221;][vc_column column_padding=&#8221;no-extra-padding&#8221; column_padding_tablet=&#8221;inherit&#8221; column_padding_phone=&#8221;inherit&#8221; column_padding_position=&#8221;all&#8221; column_element_direction_desktop=&#8221;default&#8221; column_element_spacing=&#8221;default&#8221; desktop_text_alignment=&#8221;default&#8221; tablet_text_alignment=&#8221;default&#8221; phone_text_alignment=&#8221;default&#8221; background_color_opacity=&#8221;1&#8243; background_hover_color_opacity=&#8221;1&#8243; column_backdrop_filter=&#8221;none&#8221; column_shadow=&#8221;none&#8221; column_border_radius=&#8221;none&#8221; column_link_target=&#8221;_self&#8221; column_position=&#8221;default&#8221; gradient_direction=&#8221;left_to_right&#8221; overlay_strength=&#8221;0.3&#8243; width=&#8221;1\/1&#8243; tablet_width_inherit=&#8221;default&#8221; animation_type=&#8221;default&#8221; bg_image_animation=&#8221;none&#8221; border_type=&#8221;simple&#8221; column_border_width=&#8221;none&#8221; column_border_style=&#8221;solid&#8221;][vc_raw_html]W3NlYXJjaGFuZGZpbHRlciBpZD0iNzMwIl0=[\/vc_raw_html][\/vc_column][\/vc_row][vc_row type=&#8221;full_width_content&#8221; full_screen_row_position=&#8221;middle&#8221; column_margin=&#8221;default&#8221; column_direction=&#8221;default&#8221; column_direction_tablet=&#8221;default&#8221; column_direction_phone=&#8221;default&#8221; scene_position=&#8221;center&#8221; text_color=&#8221;dark&#8221; text_align=&#8221;left&#8221; row_border_radius=&#8221;none&#8221; row_border_radius_applies=&#8221;bg&#8221; overflow=&#8221;visible&#8221; id=&#8221;section_job_feed&#8221; overlay_strength=&#8221;0.3&#8243; gradient_direction=&#8221;left_to_right&#8221; shape_divider_position=&#8221;bottom&#8221; bg_image_animation=&#8221;none&#8221; gradient_type=&#8221;default&#8221; shape_type=&#8221;&#8221;][vc_column column_padding=&#8221;no-extra-padding&#8221; column_padding_tablet=&#8221;inherit&#8221; column_padding_phone=&#8221;inherit&#8221; column_padding_position=&#8221;all&#8221; column_element_direction_desktop=&#8221;default&#8221; column_element_spacing=&#8221;default&#8221; desktop_text_alignment=&#8221;default&#8221; tablet_text_alignment=&#8221;default&#8221; phone_text_alignment=&#8221;default&#8221; background_color_opacity=&#8221;1&#8243; background_hover_color_opacity=&#8221;1&#8243; column_backdrop_filter=&#8221;none&#8221; column_shadow=&#8221;none&#8221; column_border_radius=&#8221;none&#8221; column_link_target=&#8221;_self&#8221; column_position=&#8221;default&#8221; gradient_direction=&#8221;left_to_right&#8221; overlay_strength=&#8221;0.3&#8243; width=&#8221;1\/1&#8243; tablet_width_inherit=&#8221;default&#8221; animation_type=&#8221;default&#8221; bg_image_animation=&#8221;none&#8221; border_type=&#8221;simple&#8221; column_border_width=&#8221;none&#8221; column_border_style=&#8221;solid&#8221;][vc_raw_html]W3NlYXJjaGFuZGZpbHRlciBpZD0iNzMwIiBzaG93PSJyZXN1bHRzIl0=[\/vc_raw_html][\/vc_column][\/vc_row]\n","protected":false},"excerpt":{"rendered":"<p>[vc_row type=&#8221;full_width_background&#8221; full_screen_row_position=&#8221;middle&#8221; column_margin=&#8221;default&#8221; column_direction=&#8221;default&#8221; column_direction_tablet=&#8221;default&#8221; column_direction_phone=&#8221;default&#8221; bg_image=&#8221;728&#8243; bg_position=&#8221;left top&#8221; background_image_loading=&#8221;default&#8221; bg_repeat=&#8221;no-repeat&#8221; scene_position=&#8221;center&#8221; text_color=&#8221;dark&#8221; text_align=&#8221;left&#8221; row_border_radius=&#8221;none&#8221; row_border_radius_applies=&#8221;bg&#8221; overflow=&#8221;visible&#8221; class=&#8221;pec&#8221; id=&#8221;section_hero_categoria_primo&#8221; overlay_strength=&#8221;0.3&#8243; gradient_direction=&#8221;left_to_right&#8221; shape_divider_position=&#8221;bottom&#8221; bg_image_animation=&#8221;none&#8221; gradient_type=&#8221;default&#8221; shape_type=&#8221;&#8221;][vc_column column_padding=&#8221;no-extra-padding&#8221; column_padding_tablet=&#8221;inherit&#8221; column_padding_phone=&#8221;inherit&#8221; column_padding_position=&#8221;all&#8221;&#8230;<\/p>\n","protected":false},"author":1,"featured_media":0,"parent":6673,"menu_order":64,"comment_status":"closed","ping_status":"closed","template":"","meta":{"_acf_changed":false,"inline_featured_image":false,"footnotes":""},"class_list":["post-6715","page","type-page","status-publish"],"acf":[],"yoast_head":"<!-- This site is optimized with the Yoast SEO plugin v24.3 - https:\/\/yoast.com\/wordpress\/plugins\/seo\/ -->\n<title>Oportunidades de emprego &#8226; Casale<\/title>\n<meta name=\"description\" content=\"Junte-se \u00e0 equipe din\u00e2mica da Casale para trabalhar em projetos inovadores de instala\u00e7\u00f5es de produtos qu\u00edmicos no mundo inteiro. Descubra diversas oportunidades de trabalho em engenharia, pesquisa e gest\u00e3o de projetos para um futuro sustent\u00e1vel.\" \/>\n<meta name=\"robots\" content=\"noindex, follow, max-snippet:-1, max-image-preview:large, max-video-preview:-1\" \/>\n<meta property=\"og:locale\" content=\"pt_PT\" \/>\n<meta property=\"og:type\" content=\"article\" \/>\n<meta property=\"og:title\" content=\"Oportunidades de emprego &#8226; Casale\" \/>\n<meta property=\"og:description\" content=\"Junte-se \u00e0 equipe din\u00e2mica da Casale para trabalhar em projetos inovadores de instala\u00e7\u00f5es de produtos qu\u00edmicos no mundo inteiro. Descubra diversas oportunidades de trabalho em engenharia, pesquisa e gest\u00e3o de projetos para um futuro sustent\u00e1vel.\" \/>\n<meta property=\"og:url\" content=\"https:\/\/funny-clarke.46-105-154-110.plesk.page\/pt-pt\/pessoas-e-carreiras\/oportunidades-de-emprego\/\" \/>\n<meta property=\"og:site_name\" content=\"Casale\" \/>\n<meta property=\"article:modified_time\" content=\"2025-03-13T08:25:32+00:00\" \/>\n<meta property=\"og:image\" content=\"https:\/\/funny-clarke.46-105-154-110.plesk.page\/wp-content\/uploads\/2024\/02\/casale.jpg\" \/>\n\t<meta property=\"og:image:width\" content=\"1600\" \/>\n\t<meta property=\"og:image:height\" content=\"712\" \/>\n\t<meta property=\"og:image:type\" content=\"image\/jpeg\" \/>\n<meta name=\"twitter:card\" content=\"summary_large_image\" \/>\n<meta name=\"twitter:label1\" content=\"Tempo estimado de leitura\" \/>\n\t<meta name=\"twitter:data1\" content=\"4 minutos\" \/>\n<script type=\"application\/ld+json\" class=\"yoast-schema-graph\">{\"@context\":\"https:\/\/schema.org\",\"@graph\":[{\"@type\":\"WebPage\",\"@id\":\"https:\/\/funny-clarke.46-105-154-110.plesk.page\/pt-pt\/pessoas-e-carreiras\/oportunidades-de-emprego\/\",\"url\":\"https:\/\/funny-clarke.46-105-154-110.plesk.page\/pt-pt\/pessoas-e-carreiras\/oportunidades-de-emprego\/\",\"name\":\"Oportunidades de emprego &#8226; Casale\",\"isPartOf\":{\"@id\":\"https:\/\/funny-clarke.46-105-154-110.plesk.page\/pt-pt\/#website\"},\"datePublished\":\"2023-09-19T10:02:45+00:00\",\"dateModified\":\"2025-03-13T08:25:32+00:00\",\"description\":\"Junte-se \u00e0 equipe din\u00e2mica da Casale para trabalhar em projetos inovadores de instala\u00e7\u00f5es de produtos qu\u00edmicos no mundo inteiro. Descubra diversas oportunidades de trabalho em engenharia, pesquisa e gest\u00e3o de projetos para um futuro sustent\u00e1vel.\",\"breadcrumb\":{\"@id\":\"https:\/\/funny-clarke.46-105-154-110.plesk.page\/pt-pt\/pessoas-e-carreiras\/oportunidades-de-emprego\/#breadcrumb\"},\"inLanguage\":\"pt-PT\",\"potentialAction\":[{\"@type\":\"ReadAction\",\"target\":[\"https:\/\/funny-clarke.46-105-154-110.plesk.page\/pt-pt\/pessoas-e-carreiras\/oportunidades-de-emprego\/\"]}]},{\"@type\":\"BreadcrumbList\",\"@id\":\"https:\/\/funny-clarke.46-105-154-110.plesk.page\/pt-pt\/pessoas-e-carreiras\/oportunidades-de-emprego\/#breadcrumb\",\"itemListElement\":[{\"@type\":\"ListItem\",\"position\":1,\"name\":\"Home\",\"item\":\"https:\/\/funny-clarke.46-105-154-110.plesk.page\/pt-pt\/pagina-inicial\/\"},{\"@type\":\"ListItem\",\"position\":2,\"name\":\"Pessoas e carreiras\",\"item\":\"https:\/\/funny-clarke.46-105-154-110.plesk.page\/pt-pt\/pessoas-e-carreiras\/\"},{\"@type\":\"ListItem\",\"position\":3,\"name\":\"Oportunidades de emprego\"}]},{\"@type\":\"WebSite\",\"@id\":\"https:\/\/funny-clarke.46-105-154-110.plesk.page\/pt-pt\/#website\",\"url\":\"https:\/\/funny-clarke.46-105-154-110.plesk.page\/pt-pt\/\",\"name\":\"Casale\",\"description\":\"Together for a new planet\",\"publisher\":{\"@id\":\"https:\/\/funny-clarke.46-105-154-110.plesk.page\/pt-pt\/#organization\"},\"potentialAction\":[{\"@type\":\"SearchAction\",\"target\":{\"@type\":\"EntryPoint\",\"urlTemplate\":\"https:\/\/funny-clarke.46-105-154-110.plesk.page\/pt-pt\/?s={search_term_string}\"},\"query-input\":{\"@type\":\"PropertyValueSpecification\",\"valueRequired\":true,\"valueName\":\"search_term_string\"}}],\"inLanguage\":\"pt-PT\"},{\"@type\":\"Organization\",\"@id\":\"https:\/\/funny-clarke.46-105-154-110.plesk.page\/pt-pt\/#organization\",\"name\":\"Casale\",\"url\":\"https:\/\/funny-clarke.46-105-154-110.plesk.page\/pt-pt\/\",\"logo\":{\"@type\":\"ImageObject\",\"inLanguage\":\"pt-PT\",\"@id\":\"https:\/\/funny-clarke.46-105-154-110.plesk.page\/pt-pt\/#\/schema\/logo\/image\/\",\"url\":\"https:\/\/funny-clarke.46-105-154-110.plesk.page\/wp-content\/uploads\/2023\/08\/logo_casale.svg\",\"contentUrl\":\"https:\/\/funny-clarke.46-105-154-110.plesk.page\/wp-content\/uploads\/2023\/08\/logo_casale.svg\",\"width\":1,\"height\":1,\"caption\":\"Casale\"},\"image\":{\"@id\":\"https:\/\/funny-clarke.46-105-154-110.plesk.page\/pt-pt\/#\/schema\/logo\/image\/\"}}]}<\/script>\n<!-- \/ Yoast SEO plugin. -->","yoast_head_json":{"title":"Oportunidades de emprego &#8226; Casale","description":"Junte-se \u00e0 equipe din\u00e2mica da Casale para trabalhar em projetos inovadores de instala\u00e7\u00f5es de produtos qu\u00edmicos no mundo inteiro. Descubra diversas oportunidades de trabalho em engenharia, pesquisa e gest\u00e3o de projetos para um futuro sustent\u00e1vel.","robots":{"index":"noindex","follow":"follow","max-snippet":"max-snippet:-1","max-image-preview":"max-image-preview:large","max-video-preview":"max-video-preview:-1"},"og_locale":"pt_PT","og_type":"article","og_title":"Oportunidades de emprego &#8226; Casale","og_description":"Junte-se \u00e0 equipe din\u00e2mica da Casale para trabalhar em projetos inovadores de instala\u00e7\u00f5es de produtos qu\u00edmicos no mundo inteiro. Descubra diversas oportunidades de trabalho em engenharia, pesquisa e gest\u00e3o de projetos para um futuro sustent\u00e1vel.","og_url":"https:\/\/funny-clarke.46-105-154-110.plesk.page\/pt-pt\/pessoas-e-carreiras\/oportunidades-de-emprego\/","og_site_name":"Casale","article_modified_time":"2025-03-13T08:25:32+00:00","og_image":[{"width":1600,"height":712,"url":"https:\/\/funny-clarke.46-105-154-110.plesk.page\/wp-content\/uploads\/2024\/02\/casale.jpg","type":"image\/jpeg"}],"twitter_card":"summary_large_image","twitter_misc":{"Tempo estimado de leitura":"4 minutos"},"schema":{"@context":"https:\/\/schema.org","@graph":[{"@type":"WebPage","@id":"https:\/\/funny-clarke.46-105-154-110.plesk.page\/pt-pt\/pessoas-e-carreiras\/oportunidades-de-emprego\/","url":"https:\/\/funny-clarke.46-105-154-110.plesk.page\/pt-pt\/pessoas-e-carreiras\/oportunidades-de-emprego\/","name":"Oportunidades de emprego &#8226; Casale","isPartOf":{"@id":"https:\/\/funny-clarke.46-105-154-110.plesk.page\/pt-pt\/#website"},"datePublished":"2023-09-19T10:02:45+00:00","dateModified":"2025-03-13T08:25:32+00:00","description":"Junte-se \u00e0 equipe din\u00e2mica da Casale para trabalhar em projetos inovadores de instala\u00e7\u00f5es de produtos qu\u00edmicos no mundo inteiro. Descubra diversas oportunidades de trabalho em engenharia, pesquisa e gest\u00e3o de projetos para um futuro sustent\u00e1vel.","breadcrumb":{"@id":"https:\/\/funny-clarke.46-105-154-110.plesk.page\/pt-pt\/pessoas-e-carreiras\/oportunidades-de-emprego\/#breadcrumb"},"inLanguage":"pt-PT","potentialAction":[{"@type":"ReadAction","target":["https:\/\/funny-clarke.46-105-154-110.plesk.page\/pt-pt\/pessoas-e-carreiras\/oportunidades-de-emprego\/"]}]},{"@type":"BreadcrumbList","@id":"https:\/\/funny-clarke.46-105-154-110.plesk.page\/pt-pt\/pessoas-e-carreiras\/oportunidades-de-emprego\/#breadcrumb","itemListElement":[{"@type":"ListItem","position":1,"name":"Home","item":"https:\/\/funny-clarke.46-105-154-110.plesk.page\/pt-pt\/pagina-inicial\/"},{"@type":"ListItem","position":2,"name":"Pessoas e carreiras","item":"https:\/\/funny-clarke.46-105-154-110.plesk.page\/pt-pt\/pessoas-e-carreiras\/"},{"@type":"ListItem","position":3,"name":"Oportunidades de emprego"}]},{"@type":"WebSite","@id":"https:\/\/funny-clarke.46-105-154-110.plesk.page\/pt-pt\/#website","url":"https:\/\/funny-clarke.46-105-154-110.plesk.page\/pt-pt\/","name":"Casale","description":"Together for a new planet","publisher":{"@id":"https:\/\/funny-clarke.46-105-154-110.plesk.page\/pt-pt\/#organization"},"potentialAction":[{"@type":"SearchAction","target":{"@type":"EntryPoint","urlTemplate":"https:\/\/funny-clarke.46-105-154-110.plesk.page\/pt-pt\/?s={search_term_string}"},"query-input":{"@type":"PropertyValueSpecification","valueRequired":true,"valueName":"search_term_string"}}],"inLanguage":"pt-PT"},{"@type":"Organization","@id":"https:\/\/funny-clarke.46-105-154-110.plesk.page\/pt-pt\/#organization","name":"Casale","url":"https:\/\/funny-clarke.46-105-154-110.plesk.page\/pt-pt\/","logo":{"@type":"ImageObject","inLanguage":"pt-PT","@id":"https:\/\/funny-clarke.46-105-154-110.plesk.page\/pt-pt\/#\/schema\/logo\/image\/","url":"https:\/\/funny-clarke.46-105-154-110.plesk.page\/wp-content\/uploads\/2023\/08\/logo_casale.svg","contentUrl":"https:\/\/funny-clarke.46-105-154-110.plesk.page\/wp-content\/uploads\/2023\/08\/logo_casale.svg","width":1,"height":1,"caption":"Casale"},"image":{"@id":"https:\/\/funny-clarke.46-105-154-110.plesk.page\/pt-pt\/#\/schema\/logo\/image\/"}}]}},"_links":{"self":[{"href":"https:\/\/funny-clarke.46-105-154-110.plesk.page\/pt-pt\/wp-json\/wp\/v2\/pages\/6715","targetHints":{"allow":["GET"]}}],"collection":[{"href":"https:\/\/funny-clarke.46-105-154-110.plesk.page\/pt-pt\/wp-json\/wp\/v2\/pages"}],"about":[{"href":"https:\/\/funny-clarke.46-105-154-110.plesk.page\/pt-pt\/wp-json\/wp\/v2\/types\/page"}],"author":[{"embeddable":true,"href":"https:\/\/funny-clarke.46-105-154-110.plesk.page\/pt-pt\/wp-json\/wp\/v2\/users\/1"}],"replies":[{"embeddable":true,"href":"https:\/\/funny-clarke.46-105-154-110.plesk.page\/pt-pt\/wp-json\/wp\/v2\/comments?post=6715"}],"version-history":[{"count":8,"href":"https:\/\/funny-clarke.46-105-154-110.plesk.page\/pt-pt\/wp-json\/wp\/v2\/pages\/6715\/revisions"}],"predecessor-version":[{"id":6744,"href":"https:\/\/funny-clarke.46-105-154-110.plesk.page\/pt-pt\/wp-json\/wp\/v2\/pages\/6715\/revisions\/6744"}],"up":[{"embeddable":true,"href":"https:\/\/funny-clarke.46-105-154-110.plesk.page\/pt-pt\/wp-json\/wp\/v2\/pages\/6673"}],"wp:attachment":[{"href":"https:\/\/funny-clarke.46-105-154-110.plesk.page\/pt-pt\/wp-json\/wp\/v2\/media?parent=6715"}],"curies":[{"name":"wp","href":"https:\/\/api.w.org\/{rel}","templated":true}]}}