
{"id":6693,"date":"2023-09-06T10:24:04","date_gmt":"2023-09-06T08:24:04","guid":{"rendered":"https:\/\/funny-clarke.46-105-154-110.plesk.page\/novidades-e-eventos\/"},"modified":"2025-03-13T09:25:12","modified_gmt":"2025-03-13T08:25:12","slug":"novidades-e-eventos","status":"publish","type":"page","link":"https:\/\/funny-clarke.46-105-154-110.plesk.page\/pt-pt\/novidades-e-eventos\/","title":{"rendered":"Novidades e eventos"},"content":{"rendered":"[vc_row type=&#8221;full_width_background&#8221; full_screen_row_position=&#8221;middle&#8221; column_margin=&#8221;default&#8221; column_direction=&#8221;default&#8221; column_direction_tablet=&#8221;default&#8221; column_direction_phone=&#8221;default&#8221; bg_color=&#8221;#002540&#8243; scene_position=&#8221;center&#8221; text_color=&#8221;dark&#8221; text_align=&#8221;left&#8221; row_border_radius=&#8221;none&#8221; row_border_radius_applies=&#8221;bg&#8221; overflow=&#8221;visible&#8221; id=&#8221;section_blog_hero&#8221; overlay_strength=&#8221;0.3&#8243; gradient_direction=&#8221;left_to_right&#8221; shape_divider_position=&#8221;bottom&#8221; bg_image_animation=&#8221;none&#8221; gradient_type=&#8221;default&#8221; shape_type=&#8221;&#8221;][vc_column column_padding=&#8221;no-extra-padding&#8221; column_padding_tablet=&#8221;inherit&#8221; column_padding_phone=&#8221;inherit&#8221; column_padding_position=&#8221;all&#8221; column_element_direction_desktop=&#8221;default&#8221; column_element_spacing=&#8221;default&#8221; desktop_text_alignment=&#8221;default&#8221; tablet_text_alignment=&#8221;default&#8221; phone_text_alignment=&#8221;default&#8221; background_color_opacity=&#8221;1&#8243; background_hover_color_opacity=&#8221;1&#8243; column_backdrop_filter=&#8221;none&#8221; column_shadow=&#8221;none&#8221; column_border_radius=&#8221;none&#8221; column_link_target=&#8221;_self&#8221; column_position=&#8221;default&#8221; gradient_direction=&#8221;left_to_right&#8221; overlay_strength=&#8221;0.3&#8243; width=&#8221;1\/1&#8243; tablet_width_inherit=&#8221;default&#8221; animation_type=&#8221;default&#8221; bg_image_animation=&#8221;none&#8221; border_type=&#8221;simple&#8221; column_border_width=&#8221;none&#8221; column_border_style=&#8221;solid&#8221;][vc_column_text css_animation=&#8221;fadeInLeft&#8221; css=&#8221;.vc_custom_1693994062611{margin-bottom: 0px !important;}&#8221;]\n<h3>FOCO EM<\/h3>\n[\/vc_column_text][vc_column_text css_animation=&#8221;fadeInUp&#8221;]\n<h1>Novidades, eventos e refer\u00eancias<\/h1>\n[\/vc_column_text][vc_row_inner column_margin=&#8221;default&#8221; column_direction=&#8221;default&#8221; column_direction_tablet=&#8221;default&#8221; column_direction_phone=&#8221;default&#8221; text_align=&#8221;left&#8221; row_position=&#8221;default&#8221; row_position_tablet=&#8221;inherit&#8221; row_position_phone=&#8221;inherit&#8221; overflow=&#8221;visible&#8221; pointer_events=&#8221;all&#8221; el_id=&#8221;inner_featured_posts&#8221;][vc_column_inner column_padding=&#8221;no-extra-padding&#8221; column_padding_tablet=&#8221;inherit&#8221; column_padding_phone=&#8221;inherit&#8221; column_padding_position=&#8221;all&#8221; column_element_direction_desktop=&#8221;default&#8221; column_element_spacing=&#8221;default&#8221; desktop_text_alignment=&#8221;default&#8221; tablet_text_alignment=&#8221;default&#8221; phone_text_alignment=&#8221;default&#8221; background_color_opacity=&#8221;1&#8243; background_hover_color_opacity=&#8221;1&#8243; column_backdrop_filter=&#8221;none&#8221; column_shadow=&#8221;none&#8221; column_border_radius=&#8221;none&#8221; column_link_target=&#8221;_self&#8221; overflow=&#8221;visible&#8221; gradient_direction=&#8221;left_to_right&#8221; overlay_strength=&#8221;0.3&#8243; width=&#8221;1\/1&#8243; tablet_width_inherit=&#8221;default&#8221; animation_type=&#8221;default&#8221; enable_animation=&#8221;true&#8221; animation=&#8221;fade-in-from-bottom&#8221; animation_easing=&#8221;default&#8221; bg_image_animation=&#8221;none&#8221; border_type=&#8221;simple&#8221; column_border_width=&#8221;none&#8221; column_border_style=&#8221;solid&#8221; column_padding_type=&#8221;default&#8221; gradient_type=&#8221;default&#8221;][vc_raw_html]W3h5ei1pcHMgc25pcHBldD0iYXJ0aWNvbGktaW4tZXZpZGVuemEiXQ==[\/vc_raw_html][\/vc_column_inner][\/vc_row_inner][\/vc_column][\/vc_row][vc_row type=&#8221;in_container&#8221; full_screen_row_position=&#8221;middle&#8221; column_margin=&#8221;default&#8221; column_direction=&#8221;default&#8221; column_direction_tablet=&#8221;default&#8221; column_direction_phone=&#8221;default&#8221; scene_position=&#8221;center&#8221; text_color=&#8221;dark&#8221; text_align=&#8221;left&#8221; row_border_radius=&#8221;none&#8221; row_border_radius_applies=&#8221;bg&#8221; overflow=&#8221;visible&#8221; id=&#8221;section_blog_filter&#8221; overlay_strength=&#8221;0.3&#8243; gradient_direction=&#8221;left_to_right&#8221; shape_divider_position=&#8221;bottom&#8221; bg_image_animation=&#8221;none&#8221; gradient_type=&#8221;default&#8221; shape_type=&#8221;&#8221;][vc_column column_padding=&#8221;no-extra-padding&#8221; column_padding_tablet=&#8221;inherit&#8221; column_padding_phone=&#8221;inherit&#8221; column_padding_position=&#8221;all&#8221; column_element_direction_desktop=&#8221;default&#8221; column_element_spacing=&#8221;default&#8221; desktop_text_alignment=&#8221;default&#8221; tablet_text_alignment=&#8221;default&#8221; phone_text_alignment=&#8221;default&#8221; background_color_opacity=&#8221;1&#8243; background_hover_color_opacity=&#8221;1&#8243; column_backdrop_filter=&#8221;none&#8221; column_shadow=&#8221;none&#8221; column_border_radius=&#8221;none&#8221; column_link_target=&#8221;_self&#8221; column_position=&#8221;default&#8221; gradient_direction=&#8221;left_to_right&#8221; overlay_strength=&#8221;0.3&#8243; width=&#8221;1\/1&#8243; tablet_width_inherit=&#8221;default&#8221; animation_type=&#8221;default&#8221; enable_animation=&#8221;true&#8221; animation=&#8221;fade-in-from-bottom&#8221; animation_easing=&#8221;default&#8221; bg_image_animation=&#8221;none&#8221; border_type=&#8221;simple&#8221; column_border_width=&#8221;none&#8221; column_border_style=&#8221;solid&#8221; column_padding_type=&#8221;default&#8221; gradient_type=&#8221;default&#8221;][vc_raw_html]W3NlYXJjaGFuZGZpbHRlciBpZD0iNjYwIl0=[\/vc_raw_html][\/vc_column][\/vc_row][vc_row type=&#8221;in_container&#8221; full_screen_row_position=&#8221;middle&#8221; column_margin=&#8221;default&#8221; column_direction=&#8221;default&#8221; column_direction_tablet=&#8221;default&#8221; column_direction_phone=&#8221;default&#8221; scene_position=&#8221;center&#8221; text_color=&#8221;dark&#8221; text_align=&#8221;left&#8221; row_border_radius=&#8221;none&#8221; row_border_radius_applies=&#8221;bg&#8221; overflow=&#8221;visible&#8221; id=&#8221;section_blog_result&#8221; overlay_strength=&#8221;0.3&#8243; gradient_direction=&#8221;left_to_right&#8221; shape_divider_position=&#8221;bottom&#8221; bg_image_animation=&#8221;none&#8221; gradient_type=&#8221;default&#8221; shape_type=&#8221;&#8221;][vc_column column_padding=&#8221;no-extra-padding&#8221; column_padding_tablet=&#8221;inherit&#8221; column_padding_phone=&#8221;inherit&#8221; column_padding_position=&#8221;all&#8221; column_element_direction_desktop=&#8221;default&#8221; column_element_spacing=&#8221;default&#8221; desktop_text_alignment=&#8221;default&#8221; tablet_text_alignment=&#8221;default&#8221; phone_text_alignment=&#8221;default&#8221; background_color_opacity=&#8221;1&#8243; background_hover_color_opacity=&#8221;1&#8243; column_backdrop_filter=&#8221;none&#8221; column_shadow=&#8221;none&#8221; column_border_radius=&#8221;none&#8221; column_link_target=&#8221;_self&#8221; column_position=&#8221;default&#8221; gradient_direction=&#8221;left_to_right&#8221; overlay_strength=&#8221;0.3&#8243; width=&#8221;1\/1&#8243; tablet_width_inherit=&#8221;default&#8221; animation_type=&#8221;default&#8221; enable_animation=&#8221;true&#8221; animation=&#8221;slight-fade-in-from-bottom&#8221; animation_easing=&#8221;default&#8221; bg_image_animation=&#8221;none&#8221; border_type=&#8221;simple&#8221; column_border_width=&#8221;none&#8221; column_border_style=&#8221;solid&#8221; column_padding_type=&#8221;default&#8221; gradient_type=&#8221;default&#8221;][vc_raw_html]W3NlYXJjaGFuZGZpbHRlciBpZD0iNjYwIiBzaG93PSJyZXN1bHRzIl0=[\/vc_raw_html][\/vc_column][\/vc_row]\n","protected":false},"excerpt":{"rendered":"<p>[vc_row type=&#8221;full_width_background&#8221; full_screen_row_position=&#8221;middle&#8221; column_margin=&#8221;default&#8221; column_direction=&#8221;default&#8221; column_direction_tablet=&#8221;default&#8221; column_direction_phone=&#8221;default&#8221; bg_color=&#8221;#002540&#8243; scene_position=&#8221;center&#8221; text_color=&#8221;dark&#8221; text_align=&#8221;left&#8221; row_border_radius=&#8221;none&#8221; row_border_radius_applies=&#8221;bg&#8221; overflow=&#8221;visible&#8221; id=&#8221;section_blog_hero&#8221; overlay_strength=&#8221;0.3&#8243; gradient_direction=&#8221;left_to_right&#8221; shape_divider_position=&#8221;bottom&#8221; bg_image_animation=&#8221;none&#8221; gradient_type=&#8221;default&#8221; shape_type=&#8221;&#8221;][vc_column column_padding=&#8221;no-extra-padding&#8221; column_padding_tablet=&#8221;inherit&#8221; column_padding_phone=&#8221;inherit&#8221; column_padding_position=&#8221;all&#8221; column_element_direction_desktop=&#8221;default&#8221; column_element_spacing=&#8221;default&#8221; desktop_text_alignment=&#8221;default&#8221; tablet_text_alignment=&#8221;default&#8221; phone_text_alignment=&#8221;default&#8221;&#8230;<\/p>\n","protected":false},"author":1,"featured_media":0,"parent":0,"menu_order":54,"comment_status":"closed","ping_status":"closed","template":"","meta":{"_acf_changed":false,"inline_featured_image":false,"footnotes":""},"class_list":["post-6693","page","type-page","status-publish"],"acf":[],"yoast_head":"<!-- This site is optimized with the Yoast SEO plugin v24.3 - https:\/\/yoast.com\/wordpress\/plugins\/seo\/ -->\n<title>Novidades e eventos &#8226; Casale<\/title>\n<meta name=\"description\" content=\"Fique por dentro das \u00faltimas inova\u00e7\u00f5es e eventos da Casale na ind\u00fastria qu\u00edmica. Descubra como lideramos em solu\u00e7\u00f5es sustent\u00e1veis e avan\u00e7os tecnol\u00f3gicos para um futuro mais verde.\" \/>\n<meta name=\"robots\" content=\"noindex, follow, max-snippet:-1, max-image-preview:large, max-video-preview:-1\" \/>\n<meta property=\"og:locale\" content=\"pt_PT\" \/>\n<meta property=\"og:type\" content=\"article\" \/>\n<meta property=\"og:title\" content=\"Novidades e eventos &#8226; Casale\" \/>\n<meta property=\"og:description\" content=\"Fique por dentro das \u00faltimas inova\u00e7\u00f5es e eventos da Casale na ind\u00fastria qu\u00edmica. Descubra como lideramos em solu\u00e7\u00f5es sustent\u00e1veis e avan\u00e7os tecnol\u00f3gicos para um futuro mais verde.\" \/>\n<meta property=\"og:url\" content=\"https:\/\/funny-clarke.46-105-154-110.plesk.page\/pt-pt\/novidades-e-eventos\/\" \/>\n<meta property=\"og:site_name\" content=\"Casale\" \/>\n<meta property=\"article:modified_time\" content=\"2025-03-13T08:25:12+00:00\" \/>\n<meta property=\"og:image\" content=\"https:\/\/funny-clarke.46-105-154-110.plesk.page\/wp-content\/uploads\/2024\/02\/casale.jpg\" \/>\n\t<meta property=\"og:image:width\" content=\"1600\" \/>\n\t<meta property=\"og:image:height\" content=\"712\" \/>\n\t<meta property=\"og:image:type\" content=\"image\/jpeg\" \/>\n<meta name=\"twitter:card\" content=\"summary_large_image\" \/>\n<meta name=\"twitter:label1\" content=\"Tempo estimado de leitura\" \/>\n\t<meta name=\"twitter:data1\" content=\"4 minutos\" \/>\n<script type=\"application\/ld+json\" class=\"yoast-schema-graph\">{\"@context\":\"https:\/\/schema.org\",\"@graph\":[{\"@type\":\"WebPage\",\"@id\":\"https:\/\/funny-clarke.46-105-154-110.plesk.page\/pt-pt\/novidades-e-eventos\/\",\"url\":\"https:\/\/funny-clarke.46-105-154-110.plesk.page\/pt-pt\/novidades-e-eventos\/\",\"name\":\"Novidades e eventos &#8226; Casale\",\"isPartOf\":{\"@id\":\"https:\/\/funny-clarke.46-105-154-110.plesk.page\/pt-pt\/#website\"},\"datePublished\":\"2023-09-06T08:24:04+00:00\",\"dateModified\":\"2025-03-13T08:25:12+00:00\",\"description\":\"Fique por dentro das \u00faltimas inova\u00e7\u00f5es e eventos da Casale na ind\u00fastria qu\u00edmica. Descubra como lideramos em solu\u00e7\u00f5es sustent\u00e1veis e avan\u00e7os tecnol\u00f3gicos para um futuro mais verde.\",\"breadcrumb\":{\"@id\":\"https:\/\/funny-clarke.46-105-154-110.plesk.page\/pt-pt\/novidades-e-eventos\/#breadcrumb\"},\"inLanguage\":\"pt-PT\",\"potentialAction\":[{\"@type\":\"ReadAction\",\"target\":[\"https:\/\/funny-clarke.46-105-154-110.plesk.page\/pt-pt\/novidades-e-eventos\/\"]}]},{\"@type\":\"BreadcrumbList\",\"@id\":\"https:\/\/funny-clarke.46-105-154-110.plesk.page\/pt-pt\/novidades-e-eventos\/#breadcrumb\",\"itemListElement\":[{\"@type\":\"ListItem\",\"position\":1,\"name\":\"Home\",\"item\":\"https:\/\/funny-clarke.46-105-154-110.plesk.page\/pt-pt\/pagina-inicial\/\"},{\"@type\":\"ListItem\",\"position\":2,\"name\":\"Novidades e eventos\"}]},{\"@type\":\"WebSite\",\"@id\":\"https:\/\/funny-clarke.46-105-154-110.plesk.page\/pt-pt\/#website\",\"url\":\"https:\/\/funny-clarke.46-105-154-110.plesk.page\/pt-pt\/\",\"name\":\"Casale\",\"description\":\"Together for a new planet\",\"publisher\":{\"@id\":\"https:\/\/funny-clarke.46-105-154-110.plesk.page\/pt-pt\/#organization\"},\"potentialAction\":[{\"@type\":\"SearchAction\",\"target\":{\"@type\":\"EntryPoint\",\"urlTemplate\":\"https:\/\/funny-clarke.46-105-154-110.plesk.page\/pt-pt\/?s={search_term_string}\"},\"query-input\":{\"@type\":\"PropertyValueSpecification\",\"valueRequired\":true,\"valueName\":\"search_term_string\"}}],\"inLanguage\":\"pt-PT\"},{\"@type\":\"Organization\",\"@id\":\"https:\/\/funny-clarke.46-105-154-110.plesk.page\/pt-pt\/#organization\",\"name\":\"Casale\",\"url\":\"https:\/\/funny-clarke.46-105-154-110.plesk.page\/pt-pt\/\",\"logo\":{\"@type\":\"ImageObject\",\"inLanguage\":\"pt-PT\",\"@id\":\"https:\/\/funny-clarke.46-105-154-110.plesk.page\/pt-pt\/#\/schema\/logo\/image\/\",\"url\":\"https:\/\/funny-clarke.46-105-154-110.plesk.page\/wp-content\/uploads\/2023\/08\/logo_casale.svg\",\"contentUrl\":\"https:\/\/funny-clarke.46-105-154-110.plesk.page\/wp-content\/uploads\/2023\/08\/logo_casale.svg\",\"width\":1,\"height\":1,\"caption\":\"Casale\"},\"image\":{\"@id\":\"https:\/\/funny-clarke.46-105-154-110.plesk.page\/pt-pt\/#\/schema\/logo\/image\/\"}}]}<\/script>\n<!-- \/ Yoast SEO plugin. -->","yoast_head_json":{"title":"Novidades e eventos &#8226; Casale","description":"Fique por dentro das \u00faltimas inova\u00e7\u00f5es e eventos da Casale na ind\u00fastria qu\u00edmica. Descubra como lideramos em solu\u00e7\u00f5es sustent\u00e1veis e avan\u00e7os tecnol\u00f3gicos para um futuro mais verde.","robots":{"index":"noindex","follow":"follow","max-snippet":"max-snippet:-1","max-image-preview":"max-image-preview:large","max-video-preview":"max-video-preview:-1"},"og_locale":"pt_PT","og_type":"article","og_title":"Novidades e eventos &#8226; Casale","og_description":"Fique por dentro das \u00faltimas inova\u00e7\u00f5es e eventos da Casale na ind\u00fastria qu\u00edmica. Descubra como lideramos em solu\u00e7\u00f5es sustent\u00e1veis e avan\u00e7os tecnol\u00f3gicos para um futuro mais verde.","og_url":"https:\/\/funny-clarke.46-105-154-110.plesk.page\/pt-pt\/novidades-e-eventos\/","og_site_name":"Casale","article_modified_time":"2025-03-13T08:25:12+00:00","og_image":[{"width":1600,"height":712,"url":"https:\/\/funny-clarke.46-105-154-110.plesk.page\/wp-content\/uploads\/2024\/02\/casale.jpg","type":"image\/jpeg"}],"twitter_card":"summary_large_image","twitter_misc":{"Tempo estimado de leitura":"4 minutos"},"schema":{"@context":"https:\/\/schema.org","@graph":[{"@type":"WebPage","@id":"https:\/\/funny-clarke.46-105-154-110.plesk.page\/pt-pt\/novidades-e-eventos\/","url":"https:\/\/funny-clarke.46-105-154-110.plesk.page\/pt-pt\/novidades-e-eventos\/","name":"Novidades e eventos &#8226; Casale","isPartOf":{"@id":"https:\/\/funny-clarke.46-105-154-110.plesk.page\/pt-pt\/#website"},"datePublished":"2023-09-06T08:24:04+00:00","dateModified":"2025-03-13T08:25:12+00:00","description":"Fique por dentro das \u00faltimas inova\u00e7\u00f5es e eventos da Casale na ind\u00fastria qu\u00edmica. Descubra como lideramos em solu\u00e7\u00f5es sustent\u00e1veis e avan\u00e7os tecnol\u00f3gicos para um futuro mais verde.","breadcrumb":{"@id":"https:\/\/funny-clarke.46-105-154-110.plesk.page\/pt-pt\/novidades-e-eventos\/#breadcrumb"},"inLanguage":"pt-PT","potentialAction":[{"@type":"ReadAction","target":["https:\/\/funny-clarke.46-105-154-110.plesk.page\/pt-pt\/novidades-e-eventos\/"]}]},{"@type":"BreadcrumbList","@id":"https:\/\/funny-clarke.46-105-154-110.plesk.page\/pt-pt\/novidades-e-eventos\/#breadcrumb","itemListElement":[{"@type":"ListItem","position":1,"name":"Home","item":"https:\/\/funny-clarke.46-105-154-110.plesk.page\/pt-pt\/pagina-inicial\/"},{"@type":"ListItem","position":2,"name":"Novidades e eventos"}]},{"@type":"WebSite","@id":"https:\/\/funny-clarke.46-105-154-110.plesk.page\/pt-pt\/#website","url":"https:\/\/funny-clarke.46-105-154-110.plesk.page\/pt-pt\/","name":"Casale","description":"Together for a new planet","publisher":{"@id":"https:\/\/funny-clarke.46-105-154-110.plesk.page\/pt-pt\/#organization"},"potentialAction":[{"@type":"SearchAction","target":{"@type":"EntryPoint","urlTemplate":"https:\/\/funny-clarke.46-105-154-110.plesk.page\/pt-pt\/?s={search_term_string}"},"query-input":{"@type":"PropertyValueSpecification","valueRequired":true,"valueName":"search_term_string"}}],"inLanguage":"pt-PT"},{"@type":"Organization","@id":"https:\/\/funny-clarke.46-105-154-110.plesk.page\/pt-pt\/#organization","name":"Casale","url":"https:\/\/funny-clarke.46-105-154-110.plesk.page\/pt-pt\/","logo":{"@type":"ImageObject","inLanguage":"pt-PT","@id":"https:\/\/funny-clarke.46-105-154-110.plesk.page\/pt-pt\/#\/schema\/logo\/image\/","url":"https:\/\/funny-clarke.46-105-154-110.plesk.page\/wp-content\/uploads\/2023\/08\/logo_casale.svg","contentUrl":"https:\/\/funny-clarke.46-105-154-110.plesk.page\/wp-content\/uploads\/2023\/08\/logo_casale.svg","width":1,"height":1,"caption":"Casale"},"image":{"@id":"https:\/\/funny-clarke.46-105-154-110.plesk.page\/pt-pt\/#\/schema\/logo\/image\/"}}]}},"_links":{"self":[{"href":"https:\/\/funny-clarke.46-105-154-110.plesk.page\/pt-pt\/wp-json\/wp\/v2\/pages\/6693","targetHints":{"allow":["GET"]}}],"collection":[{"href":"https:\/\/funny-clarke.46-105-154-110.plesk.page\/pt-pt\/wp-json\/wp\/v2\/pages"}],"about":[{"href":"https:\/\/funny-clarke.46-105-154-110.plesk.page\/pt-pt\/wp-json\/wp\/v2\/types\/page"}],"author":[{"embeddable":true,"href":"https:\/\/funny-clarke.46-105-154-110.plesk.page\/pt-pt\/wp-json\/wp\/v2\/users\/1"}],"replies":[{"embeddable":true,"href":"https:\/\/funny-clarke.46-105-154-110.plesk.page\/pt-pt\/wp-json\/wp\/v2\/comments?post=6693"}],"version-history":[{"count":1,"href":"https:\/\/funny-clarke.46-105-154-110.plesk.page\/pt-pt\/wp-json\/wp\/v2\/pages\/6693\/revisions"}],"predecessor-version":[{"id":6698,"href":"https:\/\/funny-clarke.46-105-154-110.plesk.page\/pt-pt\/wp-json\/wp\/v2\/pages\/6693\/revisions\/6698"}],"wp:attachment":[{"href":"https:\/\/funny-clarke.46-105-154-110.plesk.page\/pt-pt\/wp-json\/wp\/v2\/media?parent=6693"}],"curies":[{"name":"wp","href":"https:\/\/api.w.org\/{rel}","templated":true}]}}