
{"id":6711,"date":"2023-09-19T12:02:45","date_gmt":"2023-09-19T10:02:45","guid":{"rendered":"https:\/\/funny-clarke.46-105-154-110.plesk.page\/pracovni-prilezitosti\/"},"modified":"2025-03-13T09:27:39","modified_gmt":"2025-03-13T08:27:39","slug":"pracovni-prilezitosti","status":"publish","type":"page","link":"https:\/\/funny-clarke.46-105-154-110.plesk.page\/cs\/lide-a-kariera\/pracovni-prilezitosti\/","title":{"rendered":"Pracovn\u00ed p\u0159\u00edle\u017eitosti"},"content":{"rendered":"[vc_row type=&#8220;full_width_background&#8220; full_screen_row_position=&#8220;middle&#8220; column_margin=&#8220;default&#8220; column_direction=&#8220;default&#8220; column_direction_tablet=&#8220;default&#8220; column_direction_phone=&#8220;default&#8220; bg_image=&#8220;728&#8243; bg_position=&#8220;left top&#8220; background_image_loading=&#8220;default&#8220; bg_repeat=&#8220;no-repeat&#8220; scene_position=&#8220;center&#8220; text_color=&#8220;dark&#8220; text_align=&#8220;left&#8220; row_border_radius=&#8220;none&#8220; row_border_radius_applies=&#8220;bg&#8220; overflow=&#8220;visible&#8220; class=&#8220;pec&#8220; id=&#8220;section_hero_categoria_primo&#8220; overlay_strength=&#8220;0.3&#8243; gradient_direction=&#8220;left_to_right&#8220; shape_divider_position=&#8220;bottom&#8220; bg_image_animation=&#8220;none&#8220; gradient_type=&#8220;default&#8220; shape_type=&#8220;&#8220;][vc_column column_padding=&#8220;no-extra-padding&#8220; column_padding_tablet=&#8220;inherit&#8220; column_padding_phone=&#8220;inherit&#8220; column_padding_position=&#8220;all&#8220; column_element_direction_desktop=&#8220;default&#8220; column_element_spacing=&#8220;default&#8220; desktop_text_alignment=&#8220;default&#8220; tablet_text_alignment=&#8220;default&#8220; phone_text_alignment=&#8220;default&#8220; background_color_opacity=&#8220;1&#8243; background_hover_color_opacity=&#8220;1&#8243; column_backdrop_filter=&#8220;none&#8220; column_shadow=&#8220;none&#8220; column_border_radius=&#8220;none&#8220; column_link_target=&#8220;_self&#8220; column_position=&#8220;default&#8220; gradient_direction=&#8220;left_to_right&#8220; overlay_strength=&#8220;0.3&#8243; width=&#8220;1\/1&#8243; tablet_width_inherit=&#8220;default&#8220; animation_type=&#8220;default&#8220; bg_image_animation=&#8220;none&#8220; border_type=&#8220;simple&#8220; column_border_width=&#8220;none&#8220; column_border_style=&#8220;solid&#8220;][vc_column_text css_animation=&#8220;fadeInUp&#8220;]\n<h1>Pracovn\u00ed p\u0159\u00edle\u017eitosti<\/h1>\n[\/vc_column_text][\/vc_column][\/vc_row][vc_row type=&#8220;in_container&#8220; full_screen_row_position=&#8220;middle&#8220; column_margin=&#8220;default&#8220; equal_height=&#8220;yes&#8220; content_placement=&#8220;middle&#8220; column_direction=&#8220;default&#8220; column_direction_tablet=&#8220;default&#8220; column_direction_phone=&#8220;default&#8220; scene_position=&#8220;center&#8220; text_color=&#8220;dark&#8220; text_align=&#8220;left&#8220; row_border_radius=&#8220;none&#8220; row_border_radius_applies=&#8220;bg&#8220; overflow=&#8220;visible&#8220; id=&#8220;section_join&#8220; overlay_strength=&#8220;0.3&#8243; gradient_direction=&#8220;left_to_right&#8220; shape_divider_position=&#8220;bottom&#8220; bg_image_animation=&#8220;none&#8220; gradient_type=&#8220;default&#8220; shape_type=&#8220;&#8220;][vc_column column_padding=&#8220;no-extra-padding&#8220; column_padding_tablet=&#8220;inherit&#8220; column_padding_phone=&#8220;inherit&#8220; column_padding_position=&#8220;all&#8220; column_element_direction_desktop=&#8220;default&#8220; column_element_spacing=&#8220;default&#8220; desktop_text_alignment=&#8220;default&#8220; tablet_text_alignment=&#8220;default&#8220; phone_text_alignment=&#8220;default&#8220; background_color_opacity=&#8220;1&#8243; background_hover_color_opacity=&#8220;1&#8243; column_backdrop_filter=&#8220;none&#8220; column_shadow=&#8220;none&#8220; column_border_radius=&#8220;none&#8220; column_link_target=&#8220;_self&#8220; column_position=&#8220;default&#8220; gradient_direction=&#8220;left_to_right&#8220; overlay_strength=&#8220;0.3&#8243; width=&#8220;1\/3&#8243; tablet_width_inherit=&#8220;default&#8220; animation_type=&#8220;default&#8220; bg_image_animation=&#8220;none&#8220; border_type=&#8220;simple&#8220; column_border_width=&#8220;none&#8220; column_border_style=&#8220;solid&#8220;][vc_column_text css_animation=&#8220;fadeInUp&#8220;]\n<h2 class=\"big_h1\">P\u0159ipojte se k\u00a0na\u0161emu t\u00fdmu!<\/h2>\n[\/vc_column_text][\/vc_column][vc_column column_padding=&#8220;no-extra-padding&#8220; column_padding_tablet=&#8220;inherit&#8220; column_padding_phone=&#8220;inherit&#8220; column_padding_position=&#8220;all&#8220; column_element_direction_desktop=&#8220;default&#8220; column_element_spacing=&#8220;default&#8220; desktop_text_alignment=&#8220;default&#8220; tablet_text_alignment=&#8220;default&#8220; phone_text_alignment=&#8220;default&#8220; background_color_opacity=&#8220;1&#8243; background_hover_color_opacity=&#8220;1&#8243; column_backdrop_filter=&#8220;none&#8220; column_shadow=&#8220;none&#8220; column_border_radius=&#8220;none&#8220; column_link_target=&#8220;_self&#8220; column_position=&#8220;default&#8220; gradient_direction=&#8220;left_to_right&#8220; overlay_strength=&#8220;0.3&#8243; width=&#8220;2\/3&#8243; tablet_width_inherit=&#8220;default&#8220; animation_type=&#8220;default&#8220; bg_image_animation=&#8220;none&#8220; border_type=&#8220;simple&#8220; column_border_width=&#8220;none&#8220; column_border_style=&#8220;solid&#8220;][vc_column_text css_animation=&#8220;fadeInUp&#8220;]\n<h2>Casale nab\u00edz\u00ed podn\u011btnou pr\u00e1ci v\u00a0dynamick\u00e9m prost\u0159ed\u00ed<\/h2>\n[\/vc_column_text][\/vc_column][\/vc_row][vc_row type=&#8220;in_container&#8220; full_screen_row_position=&#8220;middle&#8220; column_margin=&#8220;default&#8220; column_direction=&#8220;default&#8220; column_direction_tablet=&#8220;default&#8220; column_direction_phone=&#8220;default&#8220; scene_position=&#8220;center&#8220; text_color=&#8220;dark&#8220; text_align=&#8220;left&#8220; row_border_radius=&#8220;none&#8220; row_border_radius_applies=&#8220;bg&#8220; overflow=&#8220;visible&#8220; id=&#8220;section_filtri&#8220; overlay_strength=&#8220;0.3&#8243; gradient_direction=&#8220;left_to_right&#8220; shape_divider_position=&#8220;bottom&#8220; bg_image_animation=&#8220;none&#8220; gradient_type=&#8220;default&#8220; shape_type=&#8220;&#8220;][vc_column column_padding=&#8220;no-extra-padding&#8220; column_padding_tablet=&#8220;inherit&#8220; column_padding_phone=&#8220;inherit&#8220; column_padding_position=&#8220;all&#8220; column_element_direction_desktop=&#8220;default&#8220; column_element_spacing=&#8220;default&#8220; desktop_text_alignment=&#8220;default&#8220; tablet_text_alignment=&#8220;default&#8220; phone_text_alignment=&#8220;default&#8220; background_color_opacity=&#8220;1&#8243; background_hover_color_opacity=&#8220;1&#8243; column_backdrop_filter=&#8220;none&#8220; column_shadow=&#8220;none&#8220; column_border_radius=&#8220;none&#8220; column_link_target=&#8220;_self&#8220; column_position=&#8220;default&#8220; gradient_direction=&#8220;left_to_right&#8220; overlay_strength=&#8220;0.3&#8243; width=&#8220;1\/1&#8243; tablet_width_inherit=&#8220;default&#8220; animation_type=&#8220;default&#8220; bg_image_animation=&#8220;none&#8220; border_type=&#8220;simple&#8220; column_border_width=&#8220;none&#8220; column_border_style=&#8220;solid&#8220;][vc_raw_html]W3NlYXJjaGFuZGZpbHRlciBpZD0iNzMwIl0=[\/vc_raw_html][\/vc_column][\/vc_row][vc_row type=&#8220;full_width_content&#8220; full_screen_row_position=&#8220;middle&#8220; column_margin=&#8220;default&#8220; column_direction=&#8220;default&#8220; column_direction_tablet=&#8220;default&#8220; column_direction_phone=&#8220;default&#8220; scene_position=&#8220;center&#8220; text_color=&#8220;dark&#8220; text_align=&#8220;left&#8220; row_border_radius=&#8220;none&#8220; row_border_radius_applies=&#8220;bg&#8220; overflow=&#8220;visible&#8220; id=&#8220;section_job_feed&#8220; overlay_strength=&#8220;0.3&#8243; gradient_direction=&#8220;left_to_right&#8220; shape_divider_position=&#8220;bottom&#8220; bg_image_animation=&#8220;none&#8220; gradient_type=&#8220;default&#8220; shape_type=&#8220;&#8220;][vc_column column_padding=&#8220;no-extra-padding&#8220; column_padding_tablet=&#8220;inherit&#8220; column_padding_phone=&#8220;inherit&#8220; column_padding_position=&#8220;all&#8220; column_element_direction_desktop=&#8220;default&#8220; column_element_spacing=&#8220;default&#8220; desktop_text_alignment=&#8220;default&#8220; tablet_text_alignment=&#8220;default&#8220; phone_text_alignment=&#8220;default&#8220; background_color_opacity=&#8220;1&#8243; background_hover_color_opacity=&#8220;1&#8243; column_backdrop_filter=&#8220;none&#8220; column_shadow=&#8220;none&#8220; column_border_radius=&#8220;none&#8220; column_link_target=&#8220;_self&#8220; column_position=&#8220;default&#8220; gradient_direction=&#8220;left_to_right&#8220; overlay_strength=&#8220;0.3&#8243; width=&#8220;1\/1&#8243; tablet_width_inherit=&#8220;default&#8220; animation_type=&#8220;default&#8220; bg_image_animation=&#8220;none&#8220; border_type=&#8220;simple&#8220; column_border_width=&#8220;none&#8220; column_border_style=&#8220;solid&#8220;][vc_raw_html]W3NlYXJjaGFuZGZpbHRlciBpZD0iNzMwIiBzaG93PSJyZXN1bHRzIl0=[\/vc_raw_html][\/vc_column][\/vc_row]\n","protected":false},"excerpt":{"rendered":"<p>[vc_row type=&#8220;full_width_background&#8220; full_screen_row_position=&#8220;middle&#8220; column_margin=&#8220;default&#8220; column_direction=&#8220;default&#8220; column_direction_tablet=&#8220;default&#8220; column_direction_phone=&#8220;default&#8220; bg_image=&#8220;728&#8243; bg_position=&#8220;left top&#8220; background_image_loading=&#8220;default&#8220; bg_repeat=&#8220;no-repeat&#8220; scene_position=&#8220;center&#8220; text_color=&#8220;dark&#8220; text_align=&#8220;left&#8220; row_border_radius=&#8220;none&#8220; row_border_radius_applies=&#8220;bg&#8220; overflow=&#8220;visible&#8220; class=&#8220;pec&#8220; id=&#8220;section_hero_categoria_primo&#8220; overlay_strength=&#8220;0.3&#8243; gradient_direction=&#8220;left_to_right&#8220; shape_divider_position=&#8220;bottom&#8220; bg_image_animation=&#8220;none&#8220; gradient_type=&#8220;default&#8220; shape_type=&#8220;&#8220;][vc_column column_padding=&#8220;no-extra-padding&#8220; column_padding_tablet=&#8220;inherit&#8220; column_padding_phone=&#8220;inherit&#8220; column_padding_position=&#8220;all&#8220;&#8230;<\/p>\n","protected":false},"author":1,"featured_media":0,"parent":6788,"menu_order":67,"comment_status":"closed","ping_status":"closed","template":"","meta":{"_acf_changed":false,"inline_featured_image":false,"footnotes":""},"class_list":["post-6711","page","type-page","status-publish"],"acf":[],"yoast_head":"<!-- This site is optimized with the Yoast SEO plugin v24.3 - https:\/\/yoast.com\/wordpress\/plugins\/seo\/ -->\n<title>Pracovn\u00ed p\u0159\u00edle\u017eitosti &#8226; Casale<\/title>\n<meta name=\"description\" content=\"P\u0159ipojte se k\u00a0dynamick\u00e9mu t\u00fdmu spole\u010dnosti Casale a\u00a0pracujte na inovativn\u00edch projektech chemick\u00fdch z\u00e1vod\u016f po cel\u00e9m sv\u011bt\u011b. Objevte rozmanit\u00e9 pracovn\u00ed p\u0159\u00edle\u017eitosti v\u00a0oblasti in\u017een\u00fdrstv\u00ed, v\u00fdzkumu a\u00a0projektov\u00e9ho \u0159\u00edzen\u00ed pro udr\u017eitelnou budoucnost.\" \/>\n<meta name=\"robots\" content=\"noindex, follow, max-snippet:-1, max-image-preview:large, max-video-preview:-1\" \/>\n<meta property=\"og:locale\" content=\"cs_CZ\" \/>\n<meta property=\"og:type\" content=\"article\" \/>\n<meta property=\"og:title\" content=\"Pracovn\u00ed p\u0159\u00edle\u017eitosti &#8226; Casale\" \/>\n<meta property=\"og:description\" content=\"P\u0159ipojte se k\u00a0dynamick\u00e9mu t\u00fdmu spole\u010dnosti Casale a\u00a0pracujte na inovativn\u00edch projektech chemick\u00fdch z\u00e1vod\u016f po cel\u00e9m sv\u011bt\u011b. Objevte rozmanit\u00e9 pracovn\u00ed p\u0159\u00edle\u017eitosti v\u00a0oblasti in\u017een\u00fdrstv\u00ed, v\u00fdzkumu a\u00a0projektov\u00e9ho \u0159\u00edzen\u00ed pro udr\u017eitelnou budoucnost.\" \/>\n<meta property=\"og:url\" content=\"https:\/\/funny-clarke.46-105-154-110.plesk.page\/cs\/lide-a-kariera\/pracovni-prilezitosti\/\" \/>\n<meta property=\"og:site_name\" content=\"Casale\" \/>\n<meta property=\"article:modified_time\" content=\"2025-03-13T08:27:39+00:00\" \/>\n<meta property=\"og:image\" content=\"https:\/\/funny-clarke.46-105-154-110.plesk.page\/wp-content\/uploads\/2024\/02\/casale.jpg\" \/>\n\t<meta property=\"og:image:width\" content=\"1600\" \/>\n\t<meta property=\"og:image:height\" content=\"712\" \/>\n\t<meta property=\"og:image:type\" content=\"image\/jpeg\" \/>\n<meta name=\"twitter:card\" content=\"summary_large_image\" \/>\n<meta name=\"twitter:label1\" content=\"Odhadovan\u00e1 doba \u010dten\u00ed\" \/>\n\t<meta name=\"twitter:data1\" content=\"4 minuty\" \/>\n<script type=\"application\/ld+json\" class=\"yoast-schema-graph\">{\"@context\":\"https:\/\/schema.org\",\"@graph\":[{\"@type\":\"WebPage\",\"@id\":\"https:\/\/funny-clarke.46-105-154-110.plesk.page\/cs\/lide-a-kariera\/pracovni-prilezitosti\/\",\"url\":\"https:\/\/funny-clarke.46-105-154-110.plesk.page\/cs\/lide-a-kariera\/pracovni-prilezitosti\/\",\"name\":\"Pracovn\u00ed p\u0159\u00edle\u017eitosti &#8226; Casale\",\"isPartOf\":{\"@id\":\"https:\/\/funny-clarke.46-105-154-110.plesk.page\/cs\/#website\"},\"datePublished\":\"2023-09-19T10:02:45+00:00\",\"dateModified\":\"2025-03-13T08:27:39+00:00\",\"description\":\"P\u0159ipojte se k\u00a0dynamick\u00e9mu t\u00fdmu spole\u010dnosti Casale a\u00a0pracujte na inovativn\u00edch projektech chemick\u00fdch z\u00e1vod\u016f po cel\u00e9m sv\u011bt\u011b. Objevte rozmanit\u00e9 pracovn\u00ed p\u0159\u00edle\u017eitosti v\u00a0oblasti in\u017een\u00fdrstv\u00ed, v\u00fdzkumu a\u00a0projektov\u00e9ho \u0159\u00edzen\u00ed pro udr\u017eitelnou budoucnost.\",\"breadcrumb\":{\"@id\":\"https:\/\/funny-clarke.46-105-154-110.plesk.page\/cs\/lide-a-kariera\/pracovni-prilezitosti\/#breadcrumb\"},\"inLanguage\":\"cs\",\"potentialAction\":[{\"@type\":\"ReadAction\",\"target\":[\"https:\/\/funny-clarke.46-105-154-110.plesk.page\/cs\/lide-a-kariera\/pracovni-prilezitosti\/\"]}]},{\"@type\":\"BreadcrumbList\",\"@id\":\"https:\/\/funny-clarke.46-105-154-110.plesk.page\/cs\/lide-a-kariera\/pracovni-prilezitosti\/#breadcrumb\",\"itemListElement\":[{\"@type\":\"ListItem\",\"position\":1,\"name\":\"Home\",\"item\":\"https:\/\/funny-clarke.46-105-154-110.plesk.page\/cs\/domovska-stranka\/\"},{\"@type\":\"ListItem\",\"position\":2,\"name\":\"Lid\u00e9 a\u00a0kari\u00e9ra\",\"item\":\"https:\/\/funny-clarke.46-105-154-110.plesk.page\/cs\/lide-a-kariera\/\"},{\"@type\":\"ListItem\",\"position\":3,\"name\":\"Pracovn\u00ed p\u0159\u00edle\u017eitosti\"}]},{\"@type\":\"WebSite\",\"@id\":\"https:\/\/funny-clarke.46-105-154-110.plesk.page\/cs\/#website\",\"url\":\"https:\/\/funny-clarke.46-105-154-110.plesk.page\/cs\/\",\"name\":\"Casale\",\"description\":\"Together for a new planet\",\"publisher\":{\"@id\":\"https:\/\/funny-clarke.46-105-154-110.plesk.page\/cs\/#organization\"},\"potentialAction\":[{\"@type\":\"SearchAction\",\"target\":{\"@type\":\"EntryPoint\",\"urlTemplate\":\"https:\/\/funny-clarke.46-105-154-110.plesk.page\/cs\/?s={search_term_string}\"},\"query-input\":{\"@type\":\"PropertyValueSpecification\",\"valueRequired\":true,\"valueName\":\"search_term_string\"}}],\"inLanguage\":\"cs\"},{\"@type\":\"Organization\",\"@id\":\"https:\/\/funny-clarke.46-105-154-110.plesk.page\/cs\/#organization\",\"name\":\"Casale\",\"url\":\"https:\/\/funny-clarke.46-105-154-110.plesk.page\/cs\/\",\"logo\":{\"@type\":\"ImageObject\",\"inLanguage\":\"cs\",\"@id\":\"https:\/\/funny-clarke.46-105-154-110.plesk.page\/cs\/#\/schema\/logo\/image\/\",\"url\":\"https:\/\/funny-clarke.46-105-154-110.plesk.page\/wp-content\/uploads\/2023\/08\/logo_casale.svg\",\"contentUrl\":\"https:\/\/funny-clarke.46-105-154-110.plesk.page\/wp-content\/uploads\/2023\/08\/logo_casale.svg\",\"width\":1,\"height\":1,\"caption\":\"Casale\"},\"image\":{\"@id\":\"https:\/\/funny-clarke.46-105-154-110.plesk.page\/cs\/#\/schema\/logo\/image\/\"}}]}<\/script>\n<!-- \/ Yoast SEO plugin. -->","yoast_head_json":{"title":"Pracovn\u00ed p\u0159\u00edle\u017eitosti &#8226; Casale","description":"P\u0159ipojte se k\u00a0dynamick\u00e9mu t\u00fdmu spole\u010dnosti Casale a\u00a0pracujte na inovativn\u00edch projektech chemick\u00fdch z\u00e1vod\u016f po cel\u00e9m sv\u011bt\u011b. Objevte rozmanit\u00e9 pracovn\u00ed p\u0159\u00edle\u017eitosti v\u00a0oblasti in\u017een\u00fdrstv\u00ed, v\u00fdzkumu a\u00a0projektov\u00e9ho \u0159\u00edzen\u00ed pro udr\u017eitelnou budoucnost.","robots":{"index":"noindex","follow":"follow","max-snippet":"max-snippet:-1","max-image-preview":"max-image-preview:large","max-video-preview":"max-video-preview:-1"},"og_locale":"cs_CZ","og_type":"article","og_title":"Pracovn\u00ed p\u0159\u00edle\u017eitosti &#8226; Casale","og_description":"P\u0159ipojte se k\u00a0dynamick\u00e9mu t\u00fdmu spole\u010dnosti Casale a\u00a0pracujte na inovativn\u00edch projektech chemick\u00fdch z\u00e1vod\u016f po cel\u00e9m sv\u011bt\u011b. Objevte rozmanit\u00e9 pracovn\u00ed p\u0159\u00edle\u017eitosti v\u00a0oblasti in\u017een\u00fdrstv\u00ed, v\u00fdzkumu a\u00a0projektov\u00e9ho \u0159\u00edzen\u00ed pro udr\u017eitelnou budoucnost.","og_url":"https:\/\/funny-clarke.46-105-154-110.plesk.page\/cs\/lide-a-kariera\/pracovni-prilezitosti\/","og_site_name":"Casale","article_modified_time":"2025-03-13T08:27:39+00:00","og_image":[{"width":1600,"height":712,"url":"https:\/\/funny-clarke.46-105-154-110.plesk.page\/wp-content\/uploads\/2024\/02\/casale.jpg","type":"image\/jpeg"}],"twitter_card":"summary_large_image","twitter_misc":{"Odhadovan\u00e1 doba \u010dten\u00ed":"4 minuty"},"schema":{"@context":"https:\/\/schema.org","@graph":[{"@type":"WebPage","@id":"https:\/\/funny-clarke.46-105-154-110.plesk.page\/cs\/lide-a-kariera\/pracovni-prilezitosti\/","url":"https:\/\/funny-clarke.46-105-154-110.plesk.page\/cs\/lide-a-kariera\/pracovni-prilezitosti\/","name":"Pracovn\u00ed p\u0159\u00edle\u017eitosti &#8226; Casale","isPartOf":{"@id":"https:\/\/funny-clarke.46-105-154-110.plesk.page\/cs\/#website"},"datePublished":"2023-09-19T10:02:45+00:00","dateModified":"2025-03-13T08:27:39+00:00","description":"P\u0159ipojte se k\u00a0dynamick\u00e9mu t\u00fdmu spole\u010dnosti Casale a\u00a0pracujte na inovativn\u00edch projektech chemick\u00fdch z\u00e1vod\u016f po cel\u00e9m sv\u011bt\u011b. Objevte rozmanit\u00e9 pracovn\u00ed p\u0159\u00edle\u017eitosti v\u00a0oblasti in\u017een\u00fdrstv\u00ed, v\u00fdzkumu a\u00a0projektov\u00e9ho \u0159\u00edzen\u00ed pro udr\u017eitelnou budoucnost.","breadcrumb":{"@id":"https:\/\/funny-clarke.46-105-154-110.plesk.page\/cs\/lide-a-kariera\/pracovni-prilezitosti\/#breadcrumb"},"inLanguage":"cs","potentialAction":[{"@type":"ReadAction","target":["https:\/\/funny-clarke.46-105-154-110.plesk.page\/cs\/lide-a-kariera\/pracovni-prilezitosti\/"]}]},{"@type":"BreadcrumbList","@id":"https:\/\/funny-clarke.46-105-154-110.plesk.page\/cs\/lide-a-kariera\/pracovni-prilezitosti\/#breadcrumb","itemListElement":[{"@type":"ListItem","position":1,"name":"Home","item":"https:\/\/funny-clarke.46-105-154-110.plesk.page\/cs\/domovska-stranka\/"},{"@type":"ListItem","position":2,"name":"Lid\u00e9 a\u00a0kari\u00e9ra","item":"https:\/\/funny-clarke.46-105-154-110.plesk.page\/cs\/lide-a-kariera\/"},{"@type":"ListItem","position":3,"name":"Pracovn\u00ed p\u0159\u00edle\u017eitosti"}]},{"@type":"WebSite","@id":"https:\/\/funny-clarke.46-105-154-110.plesk.page\/cs\/#website","url":"https:\/\/funny-clarke.46-105-154-110.plesk.page\/cs\/","name":"Casale","description":"Together for a new planet","publisher":{"@id":"https:\/\/funny-clarke.46-105-154-110.plesk.page\/cs\/#organization"},"potentialAction":[{"@type":"SearchAction","target":{"@type":"EntryPoint","urlTemplate":"https:\/\/funny-clarke.46-105-154-110.plesk.page\/cs\/?s={search_term_string}"},"query-input":{"@type":"PropertyValueSpecification","valueRequired":true,"valueName":"search_term_string"}}],"inLanguage":"cs"},{"@type":"Organization","@id":"https:\/\/funny-clarke.46-105-154-110.plesk.page\/cs\/#organization","name":"Casale","url":"https:\/\/funny-clarke.46-105-154-110.plesk.page\/cs\/","logo":{"@type":"ImageObject","inLanguage":"cs","@id":"https:\/\/funny-clarke.46-105-154-110.plesk.page\/cs\/#\/schema\/logo\/image\/","url":"https:\/\/funny-clarke.46-105-154-110.plesk.page\/wp-content\/uploads\/2023\/08\/logo_casale.svg","contentUrl":"https:\/\/funny-clarke.46-105-154-110.plesk.page\/wp-content\/uploads\/2023\/08\/logo_casale.svg","width":1,"height":1,"caption":"Casale"},"image":{"@id":"https:\/\/funny-clarke.46-105-154-110.plesk.page\/cs\/#\/schema\/logo\/image\/"}}]}},"_links":{"self":[{"href":"https:\/\/funny-clarke.46-105-154-110.plesk.page\/cs\/wp-json\/wp\/v2\/pages\/6711","targetHints":{"allow":["GET"]}}],"collection":[{"href":"https:\/\/funny-clarke.46-105-154-110.plesk.page\/cs\/wp-json\/wp\/v2\/pages"}],"about":[{"href":"https:\/\/funny-clarke.46-105-154-110.plesk.page\/cs\/wp-json\/wp\/v2\/types\/page"}],"author":[{"embeddable":true,"href":"https:\/\/funny-clarke.46-105-154-110.plesk.page\/cs\/wp-json\/wp\/v2\/users\/1"}],"replies":[{"embeddable":true,"href":"https:\/\/funny-clarke.46-105-154-110.plesk.page\/cs\/wp-json\/wp\/v2\/comments?post=6711"}],"version-history":[{"count":10,"href":"https:\/\/funny-clarke.46-105-154-110.plesk.page\/cs\/wp-json\/wp\/v2\/pages\/6711\/revisions"}],"predecessor-version":[{"id":6743,"href":"https:\/\/funny-clarke.46-105-154-110.plesk.page\/cs\/wp-json\/wp\/v2\/pages\/6711\/revisions\/6743"}],"up":[{"embeddable":true,"href":"https:\/\/funny-clarke.46-105-154-110.plesk.page\/cs\/wp-json\/wp\/v2\/pages\/6788"}],"wp:attachment":[{"href":"https:\/\/funny-clarke.46-105-154-110.plesk.page\/cs\/wp-json\/wp\/v2\/media?parent=6711"}],"curies":[{"name":"wp","href":"https:\/\/api.w.org\/{rel}","templated":true}]}}